{"id":31,"date":"2012-10-04T20:57:41","date_gmt":"2012-10-04T20:57:41","guid":{"rendered":"http:\/\/k-rlitos.com\/english\/?page_id=31"},"modified":"2012-10-04T20:57:41","modified_gmt":"2012-10-04T20:57:41","slug":"crear-temas-en-windows-vista-windows-seven","status":"publish","type":"page","link":"https:\/\/k-rlitos.com\/english\/crear-temas-en-windows-vista-windows-seven\/","title":{"rendered":"Crear temas en Windows Vista &#038; Windows Seven"},"content":{"rendered":"<p><strong>Translation in progress&#8230;. Update: I forgot to translate xD still working<br \/>\n<\/strong><\/p>\n<p>Por fin, he terminado las plantillas y algunos videos de como se hace, es un proceso similar al de windows XP, de hecho la manera en que se manejar\u00e1 Photoshop es la misma, pero empecemos, los pasos necesarios son, primero, tener los programas para editar.<\/p>\n<p>Para windows Seven solo necesitaremos Photoshop y Windows Style Builder, este \u00faltimo lo puedes encontrar <a href=\"?p=32\">AC\u00c1<\/a>.<\/p>\n<p>Para Windows Vista vas a necesitar Photoshop, Windows Style builder que lo puedes encontrar <a href=\"?p=32\">AC\u00c1<\/a>, y por \u00faltimo Resource Hacker:<\/p>\n<p>[dm]255[\/dm]<\/p>\n<p>Para crear temas, primero hay que tener uno modificado, ahorre el proceso subiendo el B\u00e1sico de Windows Vista y Seven llamado AERO listo para ser modificado con las im\u00e1genes de photoshop.<\/p>\n<p>El siguiente archivo contiene:<\/p>\n<ul>\n<li>Tema Aero Modificado para Windows Vista.<\/li>\n<li>Tema Aero Modificado para Windows Seven.<\/li>\n<li>Template para User panel para Windows Seven &amp; Vista.<\/li>\n<li>Template tama\u00f1os 1024 y 1280 para la vista de detalles de Windows Seven &amp; Vista.<\/li>\n<li>Template para el bot\u00f3n de &#8220;M\u00e1s programas&#8221; para Windows Seven &amp; Vista.<\/li>\n<\/ul>\n<p>Como notar\u00e1n viene el pack completo.<\/p>\n<p>[dm]254[\/dm]<\/p>\n<h3>Y una vez finalizado tu estilo, puedes crear el archivo .theme y un instalador con <a href=\"?p=3915\">Dot Theme Creator<\/a>.<\/h3>\n<p>Videos de ayuda:<\/p>\n<p>Como cortar las im\u00e1genes para el user panel de men\u00fa inicio (para Windows Seven &amp; Vista):<br \/>\n<object width=\"480\" height=\"385\" classid=\"clsid:d27cdb6e-ae6d-11cf-96b8-444553540000\" codebase=\"http:\/\/download.macromedia.com\/pub\/shockwave\/cabs\/flash\/swflash.cab#version=6,0,40,0\"><param name=\"allowFullScreen\" value=\"true\" \/><param name=\"allowscriptaccess\" value=\"always\" \/><param name=\"src\" value=\"http:\/\/www.youtube.com\/v\/58epPYysOpc&amp;hl=es_ES&amp;fs=1&amp;color1=0x3a3a3a&amp;color2=0x999999\" \/><param name=\"allowfullscreen\" value=\"true\" \/><embed width=\"480\" height=\"385\" type=\"application\/x-shockwave-flash\" src=\"http:\/\/www.youtube.com\/v\/58epPYysOpc&amp;hl=es_ES&amp;fs=1&amp;color1=0x3a3a3a&amp;color2=0x999999\" allowFullScreen=\"true\" allowscriptaccess=\"always\" allowfullscreen=\"true\" \/><\/object><br \/>\n<a href=\"http:\/\/www.youtube.com\/watch?v=58epPYysOpc\" target=\"_blank\">Verlo en HD<\/a><\/p>\n<p>Parte inferior de las carpetas (Para Windows Seven &amp; Vista):<br \/>\n<object width=\"480\" height=\"385\" classid=\"clsid:d27cdb6e-ae6d-11cf-96b8-444553540000\" codebase=\"http:\/\/download.macromedia.com\/pub\/shockwave\/cabs\/flash\/swflash.cab#version=6,0,40,0\"><param name=\"allowFullScreen\" value=\"true\" \/><param name=\"allowscriptaccess\" value=\"always\" \/><param name=\"src\" value=\"http:\/\/www.youtube.com\/v\/eZgH3mFRY14&amp;hl=es_ES&amp;fs=1&amp;color1=0x3a3a3a&amp;color2=0x999999\" \/><param name=\"allowfullscreen\" value=\"true\" \/><embed width=\"480\" height=\"385\" type=\"application\/x-shockwave-flash\" src=\"http:\/\/www.youtube.com\/v\/eZgH3mFRY14&amp;hl=es_ES&amp;fs=1&amp;color1=0x3a3a3a&amp;color2=0x999999\" allowFullScreen=\"true\" allowscriptaccess=\"always\" allowfullscreen=\"true\" \/><\/object><br \/>\n<a href=\"http:\/\/www.youtube.com\/watch?v=eZgH3mFRY14\" target=\"_blank\">Verlo en HD<\/a><\/p>\n<p>Como remplazar las im\u00e1genes para Windows Vista:<br \/>\n<object width=\"480\" height=\"385\" classid=\"clsid:d27cdb6e-ae6d-11cf-96b8-444553540000\" codebase=\"http:\/\/download.macromedia.com\/pub\/shockwave\/cabs\/flash\/swflash.cab#version=6,0,40,0\"><param name=\"allowFullScreen\" value=\"true\" \/><param name=\"allowscriptaccess\" value=\"always\" \/><param name=\"src\" value=\"http:\/\/www.youtube.com\/v\/e9VTAmC0FOc&amp;hl=es_ES&amp;fs=1&amp;color1=0x3a3a3a&amp;color2=0x999999\" \/><param name=\"allowfullscreen\" value=\"true\" \/><embed width=\"480\" height=\"385\" type=\"application\/x-shockwave-flash\" src=\"http:\/\/www.youtube.com\/v\/e9VTAmC0FOc&amp;hl=es_ES&amp;fs=1&amp;color1=0x3a3a3a&amp;color2=0x999999\" allowFullScreen=\"true\" allowscriptaccess=\"always\" allowfullscreen=\"true\" \/><\/object><br \/>\n<a href=\"http:\/\/www.youtube.com\/watch?v=e9VTAmC0FOc\" target=\"_blank\">Verlo en HD<\/a><\/p>\n<p>Como remplazar las im\u00e1genes para Windows Seven:<br \/>\n<object width=\"480\" height=\"385\" classid=\"clsid:d27cdb6e-ae6d-11cf-96b8-444553540000\" codebase=\"http:\/\/download.macromedia.com\/pub\/shockwave\/cabs\/flash\/swflash.cab#version=6,0,40,0\"><param name=\"allowFullScreen\" value=\"true\" \/><param name=\"allowscriptaccess\" value=\"always\" \/><param name=\"src\" value=\"http:\/\/www.youtube.com\/v\/LQCQuOXkw3o&amp;hl=es_ES&amp;fs=1&amp;color1=0x3a3a3a&amp;color2=0x999999\" \/><param name=\"allowfullscreen\" value=\"true\" \/><embed width=\"480\" height=\"385\" type=\"application\/x-shockwave-flash\" src=\"http:\/\/www.youtube.com\/v\/LQCQuOXkw3o&amp;hl=es_ES&amp;fs=1&amp;color1=0x3a3a3a&amp;color2=0x999999\" allowFullScreen=\"true\" allowscriptaccess=\"always\" allowfullscreen=\"true\" \/><\/object><br \/>\n<a href=\"http:\/\/www.youtube.com\/watch?v=LQCQuOXkw3o\" target=\"_blank\">Verlo en HD<\/a><\/p>\n<p><object width=\"560\" height=\"340\" classid=\"clsid:d27cdb6e-ae6d-11cf-96b8-444553540000\" codebase=\"http:\/\/download.macromedia.com\/pub\/shockwave\/cabs\/flash\/swflash.cab#version=6,0,40,0\"><param name=\"allowFullScreen\" value=\"true\" \/><param name=\"allowscriptaccess\" value=\"always\" \/><param name=\"src\" value=\"http:\/\/www.youtube.com\/v\/U8zTgrcoFUU&amp;hl=es_ES&amp;fs=1?color1=0x3a3a3a&amp;color2=0x999999\" \/><param name=\"allowfullscreen\" value=\"true\" \/><embed width=\"560\" height=\"340\" type=\"application\/x-shockwave-flash\" src=\"http:\/\/www.youtube.com\/v\/U8zTgrcoFUU&amp;hl=es_ES&amp;fs=1?color1=0x3a3a3a&amp;color2=0x999999\" allowFullScreen=\"true\" allowscriptaccess=\"always\" allowfullscreen=\"true\" \/><\/object><\/p>\n<p>Sobre el remplazo de im\u00e1genes hay cierto problemas al parecer, si no funciona puede haber ciertas diferencias, el usuario endbyte tiene otra forma de aplicarlo, cito los comentarios:<\/p>\n<blockquote><p>si utilice tu base para seven y nada de nada por mas que le cambie las imagenes de arriba y abajo como tu indicas pero ahora por fin despues de tanto insistir encontre donde se ubican las imagenes de arriba y abajo de las ventanas en windows seven, bueno almenos en esas posiciones si me funciono y paso a indicarles, la imagen de arriba de las ventanas de windows seven pueden ubicarla en: (Explorer&amp;Shell,Explorer,CommandModule) y la imagen de abajo de las ventanas en windows seven pueden ubicarla en: (Explorer&amp;Shell,Explorer,PreviewPanel) y listo ahi pueden cambiar las dos imagenes de las ventanas de windows seven, suerte amigos y gracias amigo por los tutoriales.<\/p>\n<p>imagen de arriba:<br \/>\nExplorer&amp;Shell, Explorer, CommandModule, 1<\/p>\n<p>imagen de abajo:<br \/>\nExplorer&amp;Shell, Explorer, PreviewPanel, 1, 1<\/p><\/blockquote>\n<p>Si tienes m\u00e1s informaci\u00f3n ser\u00e1 bienvenida.<\/p>\n","protected":false},"excerpt":{"rendered":"<p>Translation in progress&#8230;. Update: I forgot to translate xD still working Por fin, he terminado las plantillas y algunos videos de como se hace, es un proceso similar al de windows XP, de hecho la manera en que se manejar\u00e1 Photoshop es la misma, pero empecemos, los pasos necesarios son, primero, tener los programas para [&hellip;]<\/p>\n","protected":false},"author":1,"featured_media":0,"parent":0,"menu_order":0,"comment_status":"open","ping_status":"open","template":"","meta":{"footnotes":""},"class_list":["post-31","page","type-page","status-publish","hentry"],"_links":{"self":[{"href":"https:\/\/k-rlitos.com\/english\/wp-json\/wp\/v2\/pages\/31","targetHints":{"allow":["GET"]}}],"collection":[{"href":"https:\/\/k-rlitos.com\/english\/wp-json\/wp\/v2\/pages"}],"about":[{"href":"https:\/\/k-rlitos.com\/english\/wp-json\/wp\/v2\/types\/page"}],"author":[{"embeddable":true,"href":"https:\/\/k-rlitos.com\/english\/wp-json\/wp\/v2\/users\/1"}],"replies":[{"embeddable":true,"href":"https:\/\/k-rlitos.com\/english\/wp-json\/wp\/v2\/comments?post=31"}],"version-history":[{"count":1,"href":"https:\/\/k-rlitos.com\/english\/wp-json\/wp\/v2\/pages\/31\/revisions"}],"predecessor-version":[{"id":140,"href":"https:\/\/k-rlitos.com\/english\/wp-json\/wp\/v2\/pages\/31\/revisions\/140"}],"wp:attachment":[{"href":"https:\/\/k-rlitos.com\/english\/wp-json\/wp\/v2\/media?parent=31"}],"curies":[{"name":"wp","href":"https:\/\/api.w.org\/{rel}","templated":true}]}}