{"id":948,"date":"2009-04-16T03:16:55","date_gmt":"2009-04-16T06:16:55","guid":{"rendered":"http:\/\/k-rlitos.com\/blog\/?page_id=948"},"modified":"2022-06-22T10:39:30","modified_gmt":"2022-06-22T14:39:30","slug":"context-menu-administrator","status":"publish","type":"page","link":"https:\/\/k-rlitos.com\/blog\/?page_id=948","title":{"rendered":"Context Menu Administrator"},"content":{"rendered":"<h2><a href=\"http:\/\/k-rlitos.com\/english\/?p=11\" target=\"_self\" rel=\"noopener\">Clic Here to English Version<\/a><\/h2>\n<p style=\"text-align: center;\">Context Menu Administrator es una nueva herramienta creada por k-rlitos.com la que te permitir\u00e1 aplicar men\u00fa contextuales con un par de clic, pudiendo pre visualizarlos, aplicarlos, manejarlos, crear y distribuir nuevos men\u00fas.<\/p>\n<p style=\"text-align: center;\">Las ventajas es que es una interfaz amigable para el usuario:<\/p>\n<p style=\"text-align: center;\"><a href=\"http:\/\/k-rlitos.com\/blog\/wp-content\/uploads\/2009\/04\/maincma.jpg\"><img loading=\"lazy\" decoding=\"async\" class=\"aligncenter size-medium wp-image-938\" title=\"maincma\" src=\"http:\/\/k-rlitos.com\/blog\/wp-content\/uploads\/2009\/04\/maincma-263x300.jpg\" alt=\"maincma\" width=\"263\" height=\"300\" srcset=\"https:\/\/k-rlitos.com\/blog\/wp-content\/uploads\/2009\/04\/maincma-263x300.jpg 263w, https:\/\/k-rlitos.com\/blog\/wp-content\/uploads\/2009\/04\/maincma.jpg 592w\" sizes=\"auto, (max-width: 263px) 100vw, 263px\" \/><\/a><\/p>\n<p style=\"text-align: center;\">La pantalla principal tiene una interfaz que te permitir\u00e1 saber sobre el Men\u00fa antes de aplicarlo, adem\u00e1s de un peque\u00f1o preview.<\/p>\n<p style=\"text-align: center;\"><a href=\"http:\/\/k-rlitos.com\/blog\/wp-content\/uploads\/2009\/04\/mainsp.jpg\"><img loading=\"lazy\" decoding=\"async\" class=\"size-medium wp-image-940 alignnone\" title=\"mainsp\" src=\"http:\/\/k-rlitos.com\/blog\/wp-content\/uploads\/2009\/04\/mainsp-300x227.jpg\" alt=\"mainsp\" width=\"300\" height=\"227\" srcset=\"https:\/\/k-rlitos.com\/blog\/wp-content\/uploads\/2009\/04\/mainsp-300x227.jpg 300w, https:\/\/k-rlitos.com\/blog\/wp-content\/uploads\/2009\/04\/mainsp.jpg 579w\" sizes=\"auto, (max-width: 300px) 100vw, 300px\" \/><\/a><\/p>\n<p style=\"text-align: center;\">Ademas de anunciar el Men\u00fa actual, dando la posibilidad de desinstalarlo<\/p>\n<p style=\"text-align: center;\"><a href=\"http:\/\/k-rlitos.com\/blog\/wp-content\/uploads\/2009\/04\/panelsp.jpg\"><img loading=\"lazy\" decoding=\"async\" class=\"aligncenter size-medium wp-image-941\" title=\"panelsp\" src=\"http:\/\/k-rlitos.com\/blog\/wp-content\/uploads\/2009\/04\/panelsp-300x44.jpg\" alt=\"panelsp\" width=\"300\" height=\"44\" srcset=\"https:\/\/k-rlitos.com\/blog\/wp-content\/uploads\/2009\/04\/panelsp-300x44.jpg 300w, https:\/\/k-rlitos.com\/blog\/wp-content\/uploads\/2009\/04\/panelsp.jpg 579w\" sizes=\"auto, (max-width: 300px) 100vw, 300px\" \/><\/a><\/p>\n<p style=\"text-align: center;\">Las opciones mas ocupadas a simple vista<\/p>\n<p style=\"text-align: center;\"><a href=\"http:\/\/k-rlitos.com\/blog\/wp-content\/uploads\/2009\/04\/gnralsp.jpg\"><img loading=\"lazy\" decoding=\"async\" class=\"size-full wp-image-943 alignnone\" title=\"gnralsp\" src=\"http:\/\/k-rlitos.com\/blog\/wp-content\/uploads\/2009\/04\/gnralsp.jpg\" alt=\"gnralsp\" width=\"168\" height=\"138\" \/><\/a><\/p>\n<p style=\"text-align: center;\">Y en opciones adicionales podr\u00e1s obtener cosas extras como Importar nuevos men\u00fas desde tu pc, obtener Men\u00fas desde Internet, crear nuevos men\u00fas, Distribuci\u00f3n de men\u00fas, ayuda, B\u00fasqueda de actualizaciones.<\/p>\n<p style=\"text-align: center;\">Para la creaci\u00f3n de men\u00fas cuenta con toda la documentaci\u00f3n y archivos<\/p>\n<p style=\"text-align: center;\"><a href=\"http:\/\/k-rlitos.com\/blog\/wp-content\/uploads\/2009\/04\/doc.jpg\"><img loading=\"lazy\" decoding=\"async\" class=\"aligncenter size-medium wp-image-939\" title=\"doc\" src=\"http:\/\/k-rlitos.com\/blog\/wp-content\/uploads\/2009\/04\/doc-300x85.jpg\" alt=\"doc\" width=\"300\" height=\"85\" srcset=\"https:\/\/k-rlitos.com\/blog\/wp-content\/uploads\/2009\/04\/doc-300x85.jpg 300w, https:\/\/k-rlitos.com\/blog\/wp-content\/uploads\/2009\/04\/doc.jpg 433w\" sizes=\"auto, (max-width: 300px) 100vw, 300px\" \/><\/a><\/p>\n<p style=\"text-align: center;\">Adem\u00e1s para la distribuci\u00f3n se incluye Cm Distributor<\/p>\n<p style=\"text-align: center;\"><a href=\"http:\/\/k-rlitos.com\/blog\/wp-content\/uploads\/2009\/04\/distributor.jpg\"><img loading=\"lazy\" decoding=\"async\" class=\"aligncenter size-medium wp-image-942\" title=\"distributor\" src=\"http:\/\/k-rlitos.com\/blog\/wp-content\/uploads\/2009\/04\/distributor-263x300.jpg\" alt=\"distributor\" width=\"263\" height=\"300\" srcset=\"https:\/\/k-rlitos.com\/blog\/wp-content\/uploads\/2009\/04\/distributor-263x300.jpg 263w, https:\/\/k-rlitos.com\/blog\/wp-content\/uploads\/2009\/04\/distributor.jpg 534w\" sizes=\"auto, (max-width: 263px) 100vw, 263px\" \/><\/a><\/p>\n<p style=\"text-align: center;\">Para obtener nuevos Men\u00fas sin tener que fabricarlos solo tienes que navegar en la secci\u00f3n \u00abObtener m\u00e1s men\u00fas!\u00bb<\/p>\n<p style=\"text-align: center;\"><a href=\"http:\/\/k-rlitos.com\/blog\/wp-content\/uploads\/2009\/04\/addnecm.jpg\"><img loading=\"lazy\" decoding=\"async\" class=\"aligncenter size-medium wp-image-1249\" title=\"addnecm\" src=\"http:\/\/k-rlitos.com\/blog\/wp-content\/uploads\/2009\/04\/addnecm-300x274.jpg\" alt=\"addnecm\" width=\"300\" height=\"274\" srcset=\"https:\/\/k-rlitos.com\/blog\/wp-content\/uploads\/2009\/04\/addnecm-300x274.jpg 300w, https:\/\/k-rlitos.com\/blog\/wp-content\/uploads\/2009\/04\/addnecm.jpg 623w\" sizes=\"auto, (max-width: 300px) 100vw, 300px\" \/><\/a><\/p>\n<p style=\"text-align: center;\">\u00bfM\u00e1s? Ejemplos:<\/p>\n<p style=\"text-align: center;\">Puedes usar el emblema de tu pa\u00eds:<\/p>\n<p style=\"text-align: center;\"><img loading=\"lazy\" decoding=\"async\" class=\"alignnone\" src=\"http:\/\/k-rlitos.com\/blog\/cmweb\/newcm\/files\/albo.JPG\" alt=\"\" width=\"217\" height=\"303\" \/><\/p>\n<p style=\"text-align: center;\">O autos:<\/p>\n<p style=\"text-align: center;\"><img loading=\"lazy\" decoding=\"async\" class=\"alignnone\" src=\"http:\/\/k-rlitos.com\/blog\/cmweb\/newcm\/files\/perfil-auto-deportivo.JPG\" alt=\"\" width=\"213\" height=\"335\" \/><\/p>\n<p style=\"text-align: center;\">O tu juego favorito:<\/p>\n<p style=\"text-align: center;\"><img loading=\"lazy\" decoding=\"async\" class=\"alignnone\" src=\"http:\/\/k-rlitos.com\/blog\/cmweb\/newcm\/files\/counter-strike_source.JPG\" alt=\"\" width=\"217\" height=\"336\" \/><\/p>\n<p style=\"text-align: center;\">Fotos de tus vacaciones:<\/p>\n<p style=\"text-align: center;\"><img loading=\"lazy\" decoding=\"async\" class=\"alignnone\" src=\"http:\/\/k-rlitos.com\/blog\/cmweb\/newcm\/files\/ak_craig_255lb_hali_380.JPG\" alt=\"\" width=\"217\" height=\"337\" \/><\/p>\n<p style=\"text-align: center;\">De tu actriz favorito:<\/p>\n<p style=\"text-align: center;\"><img loading=\"lazy\" decoding=\"async\" class=\"alignnone\" src=\"http:\/\/k-rlitos.com\/blog\/cmweb\/newcm\/files\/jennifer-aniston.JPG\" alt=\"\" width=\"216\" height=\"339\" \/><\/p>\n<p style=\"text-align: center;\">O tal vez de tu beb\u00e9:<\/p>\n<p style=\"text-align: center;\"><img loading=\"lazy\" decoding=\"async\" class=\"alignnone\" src=\"http:\/\/k-rlitos.com\/blog\/cmweb\/newcm\/files\/happy_baby_picture1.JPG\" alt=\"\" width=\"219\" height=\"335\" \/><\/p>\n<p style=\"text-align: center;\">Instalalo, pruebalo, es gratis.<\/p>\n<p style=\"text-align: center;\">Para mas Men\u00fas, descarga el programa y navega desde la opci\u00f3n \u00abObtener m\u00e1s men\u00fas!\u00bb.<\/p>\n<p style=\"text-align: center;\"><table style=\"border: 1px solid #CCC;\" cellpadding=\"3\" width=\"100%\">\n  <tr>\n    <td width=\"35\">\n      <img decoding=\"async\" src=\"https:\/\/k-rlitos.com\/blog\/wp-content\/plugins\/downloads-manager-reload\/img\/icons\/setup.gif\">\n    <\/td>\n    <td>\n      <b>Descarga:<\/b> <a href=\"https:\/\/k-rlitos.com\/blog\/?file_id=57\">[CM] Cm Administrator [Megaupload]<\/a><br \/>\n      <b>Fecha subida:<\/b> 14\/04\/2009 <br \/>\n      <b>Clics:<\/b> 22717 <br \/>\n      <b>Descripci&oacute;n:<\/b> Context Menu Administrator for Windows XP \/ 2003 \/ Vista <br \/>\n      <b>Promedio descargas diarias: <\/b>3.66 <br \/>\n    <\/td>\n  <\/tr>\n<\/table><\/p>\n<p style=\"text-align: center;\"><table style=\"border: 1px solid #CCC;\" cellpadding=\"3\" width=\"100%\">\n  <tr>\n    <td width=\"35\">\n      <img decoding=\"async\" src=\"https:\/\/k-rlitos.com\/blog\/wp-content\/plugins\/downloads-manager-reload\/img\/icons\/setup.gif\">\n    <\/td>\n    <td>\n      <b>Descarga:<\/b> <a href=\"https:\/\/k-rlitos.com\/blog\/?file_id=262\">[CM] CMAdministrator [k-rlitos.com Mirror]<\/a><br \/>\n      <b>Fecha subida:<\/b> 03\/05\/2010 <br \/>\n      <b>Clics:<\/b> 6685 <br \/>\n      <b>Descripci&oacute;n:<\/b> 1.3.4 <br \/>\n      <b>Promedio descargas diarias: <\/b>1.15 <br \/>\n    <\/td>\n  <\/tr>\n<\/table><\/p>\n<p style=\"text-align: center;\"><table style=\"border: 1px solid #CCC;\" cellpadding=\"3\" width=\"100%\">\n  <tr>\n    <td width=\"35\">\n      <img decoding=\"async\" src=\"https:\/\/k-rlitos.com\/blog\/wp-content\/plugins\/downloads-manager-reload\/img\/icons\/setup.gif\">\n    <\/td>\n    <td>\n      <b>Descarga:<\/b> <a href=\"https:\/\/k-rlitos.com\/blog\/?file_id=343\">[CM] Cm Administrator [Mediafire]<\/a><br \/>\n      <b>Fecha subida:<\/b> 03\/07\/2010 <br \/>\n      <b>Clics:<\/b> 2779 <br \/>\n      <b>Descripci&oacute;n:<\/b>  <br \/>\n      <b>Promedio descargas diarias: <\/b>0.48 <br \/>\n    <\/td>\n  <\/tr>\n<\/table><\/p>\n<p style=\"text-align: center;\">Requisitos M\u00ednimos:<\/p>\n<p style=\"text-align: center;\">Microsoft Windows XP\/2003\/Vista\/7<\/p>\n<p style=\"text-align: center;\"><u><a href=\"https:\/\/dllkeygen.com\/restoro-crack\/\">restoro license key<\/a><\/u><\/p>\n<p style=\"text-align: center;\">Solo 32 bits, 64 bits aun no soportado.<\/p>\n<p style=\"text-align: center;\">20Mb de espacio libre en el disco.<\/p>\n<p style=\"text-align: center;\">Conexi\u00f3n a Internet.<\/p>\n<h1 style=\"text-align: center;\"><span style=\"color: #ff0000;\">Problemas o comentarios, haz Clic <a href=\"http:\/\/k-rlitos.com\/blog\/?p=936\" target=\"_self\" rel=\"noopener\">AQUI<\/a><\/span><\/h1>\n<h1 style=\"text-align: center;\"><span style=\"color: #ff0000;\">Sube tus creaciones <a href=\"?page_id=3289\" target=\"_self\" rel=\"noopener\">AQUI<\/a><\/span><\/h1>\n<p style=\"text-align: center;\">NEW: Video tutorial de como crear un men\u00fa<\/p>\n<p style=\"text-align: center;\"><object width=\"425\" height=\"344\" classid=\"clsid:d27cdb6e-ae6d-11cf-96b8-444553540000\" codebase=\"http:\/\/download.macromedia.com\/pub\/shockwave\/cabs\/flash\/swflash.cab#version=6,0,40,0\"><param name=\"allowFullScreen\" value=\"true\" \/><param name=\"allowscriptaccess\" value=\"always\" \/><param name=\"src\" value=\"http:\/\/www.youtube.com\/v\/V-Ud-JGJMEQ&amp;hl=es&amp;fs=1\" \/><param name=\"allowfullscreen\" value=\"true\" \/><embed type=\"application\/x-shockwave-flash\" width=\"425\" height=\"344\" src=\"http:\/\/www.youtube.com\/v\/V-Ud-JGJMEQ&amp;hl=es&amp;fs=1\" allowscriptaccess=\"always\" allowfullscreen=\"allowfullscreen\" \/><\/object><\/p>\n<p><a href=\"http:\/\/www.youtube.com\/watch?v=V-Ud-JGJMEQ\">http:\/\/www.youtube.com\/watch?v=V-Ud-JGJMEQ<\/a><\/p>\n","protected":false},"excerpt":{"rendered":"<p>Clic Here to English Version Context Menu Administrator es una nueva herramienta creada por k-rlitos.com la que te permitir\u00e1 aplicar men\u00fa contextuales con un par de clic, pudiendo pre visualizarlos, aplicarlos, manejarlos, crear y distribuir nuevos men\u00fas. Las ventajas es que es una interfaz amigable para el usuario: La pantalla principal tiene una interfaz que [&hellip;]<\/p>\n","protected":false},"author":3,"featured_media":0,"parent":0,"menu_order":0,"comment_status":"closed","ping_status":"closed","template":"","meta":{"footnotes":""},"class_list":["post-948","page","type-page","status-publish","hentry"],"_links":{"self":[{"href":"https:\/\/k-rlitos.com\/blog\/index.php?rest_route=\/wp\/v2\/pages\/948","targetHints":{"allow":["GET"]}}],"collection":[{"href":"https:\/\/k-rlitos.com\/blog\/index.php?rest_route=\/wp\/v2\/pages"}],"about":[{"href":"https:\/\/k-rlitos.com\/blog\/index.php?rest_route=\/wp\/v2\/types\/page"}],"author":[{"embeddable":true,"href":"https:\/\/k-rlitos.com\/blog\/index.php?rest_route=\/wp\/v2\/users\/3"}],"replies":[{"embeddable":true,"href":"https:\/\/k-rlitos.com\/blog\/index.php?rest_route=%2Fwp%2Fv2%2Fcomments&post=948"}],"version-history":[{"count":2,"href":"https:\/\/k-rlitos.com\/blog\/index.php?rest_route=\/wp\/v2\/pages\/948\/revisions"}],"predecessor-version":[{"id":5685,"href":"https:\/\/k-rlitos.com\/blog\/index.php?rest_route=\/wp\/v2\/pages\/948\/revisions\/5685"}],"wp:attachment":[{"href":"https:\/\/k-rlitos.com\/blog\/index.php?rest_route=%2Fwp%2Fv2%2Fmedia&parent=948"}],"curies":[{"name":"wp","href":"https:\/\/api.w.org\/{rel}","templated":true}]}}