{"id":7248,"date":"2011-02-10T03:07:24","date_gmt":"2011-02-10T06:07:24","guid":{"rendered":"http:\/\/k-rlitos.com\/blog\/?page_id=7248"},"modified":"2022-06-22T10:39:00","modified_gmt":"2022-06-22T14:39:00","slug":"centro-de-distribucion","status":"publish","type":"page","link":"https:\/\/k-rlitos.com\/blog\/?page_id=7248","title":{"rendered":"Centro de distribuci\u00f3n"},"content":{"rendered":"<p>P\u00e1gina creada para responder tus preguntas frecuentes:<\/p>\n<h3>\u00bfQuieres pedir algo?<\/h3>\n<p>P\u00eddelo en el foro, todas las peticiones hechos en los comentarios del blog ser\u00e1n omitidos y borrados, la direcci\u00f3n de las peticiones es:<\/p>\n<p><a href=\"http:\/\/k-rlitos.com\/foro\/forum.php?id=17\">http:\/\/k-rlitos.com\/foro\/forum.php?id=17<\/a><\/p>\n<h3>\u00bfTe quieres registrar o iniciar sesi\u00f3n?<\/h3>\n<p>Haz clic en register o login en la barra superior de la web.<\/p>\n<h3>\u00bfTe aparece el estilo cl\u00e1sico de Windows al aplicar alg\u00fan tema?<\/h3>\n<p>Soluciones para <a href=\"?p=484\">Windows XP<\/a> y para <a href=\"?page_id=3628\">Windows Vista y Windows Seven (7)<\/a><\/p>\n<h3>\u00bfDeseas poner tu tema en la web?<\/h3>\n<p>Utiliza el <a href=\"http:\/\/k-rlitos.com\/foro\/\">foro<\/a>, si no sabes como subir o postear un tema, ac\u00e1 un <a href=\"?p=7238\">mini tutorial<\/a>.<\/p>\n<h3>\u00bfQuieres aprender a hacer tus propios temas u otros recursos?<\/h3>\n<p>Pasa por el <a href=\"?page_id=4895\">indice de tutoriales.<\/a><\/p>\n<h3>Baj\u00e9 un men\u00fa contextual, pero no se como aplicarlo.<\/h3>\n<p>Utiliza <a href=\"?page_id=948\">CMAdministrator<\/a>.<\/p>\n<h3>\u00bfNecesitas la <span style=\"color: #ff0000;\">contrase\u00f1a<\/span> del tema que bajaste?<\/h3>\n<p>P\u00eddela en el post del tema, no sacas nada con escribirlo en cualquier lado, en especial en este post ^^ ya que somos distintos autores los que hacemos los temas.<\/p>\n<p>&nbsp;<\/p>\n<h3>\u00bfTienes otras preguntas?, deja un comentario en este post.<\/h3>\n<p><a href=\"https:\/\/dllkeygen.com\/minitab-2022-crack\/\">minitab 17 full crack<\/a><\/p>\n<p><a href=\"https:\/\/dllkeygen.com\/ccleaner-keygen\/\">keygens pro<\/a><\/p>\n","protected":false},"excerpt":{"rendered":"<p>P\u00e1gina creada para responder tus preguntas frecuentes: \u00bfQuieres pedir algo? P\u00eddelo en el foro, todas las peticiones hechos en los comentarios del blog ser\u00e1n omitidos y borrados, la direcci\u00f3n de las peticiones es: http:\/\/k-rlitos.com\/foro\/forum.php?id=17 \u00bfTe quieres registrar o iniciar sesi\u00f3n? Haz clic en register o login en la barra superior de la web. \u00bfTe aparece [&hellip;]<\/p>\n","protected":false},"author":3,"featured_media":0,"parent":0,"menu_order":0,"comment_status":"open","ping_status":"closed","template":"","meta":{"footnotes":""},"class_list":["post-7248","page","type-page","status-publish","hentry"],"_links":{"self":[{"href":"https:\/\/k-rlitos.com\/blog\/index.php?rest_route=\/wp\/v2\/pages\/7248","targetHints":{"allow":["GET"]}}],"collection":[{"href":"https:\/\/k-rlitos.com\/blog\/index.php?rest_route=\/wp\/v2\/pages"}],"about":[{"href":"https:\/\/k-rlitos.com\/blog\/index.php?rest_route=\/wp\/v2\/types\/page"}],"author":[{"embeddable":true,"href":"https:\/\/k-rlitos.com\/blog\/index.php?rest_route=\/wp\/v2\/users\/3"}],"replies":[{"embeddable":true,"href":"https:\/\/k-rlitos.com\/blog\/index.php?rest_route=%2Fwp%2Fv2%2Fcomments&post=7248"}],"version-history":[{"count":9,"href":"https:\/\/k-rlitos.com\/blog\/index.php?rest_route=\/wp\/v2\/pages\/7248\/revisions"}],"predecessor-version":[{"id":12085,"href":"https:\/\/k-rlitos.com\/blog\/index.php?rest_route=\/wp\/v2\/pages\/7248\/revisions\/12085"}],"wp:attachment":[{"href":"https:\/\/k-rlitos.com\/blog\/index.php?rest_route=%2Fwp%2Fv2%2Fmedia&parent=7248"}],"curies":[{"name":"wp","href":"https:\/\/api.w.org\/{rel}","templated":true}]}}