{"id":4898,"date":"2010-07-26T01:45:02","date_gmt":"2010-07-26T05:45:02","guid":{"rendered":"http:\/\/k-rlitos.com\/blog\/?page_id=4898"},"modified":"2011-10-25T00:50:33","modified_gmt":"2011-10-25T03:50:33","slug":"videotutoriales-para-windows-xp-estilos","status":"publish","type":"page","link":"https:\/\/k-rlitos.com\/blog\/?page_id=4898","title":{"rendered":"Videotutoriales para Windows XP (Estilos)"},"content":{"rendered":"<p>Ac\u00e1 se mostrar\u00e1n Videos de como modificar estilos para Windows XP, que es el primer paso para crear un tema&#8230;<\/p>\n<p>Primero el software, necesitas Style Builder, ya no se puede obtener de foma legal, ya que desapareci\u00f3 la web oficial, pero puedes descargarlo desde ac\u00e1:<\/p>\n<p>S T Y L E Builder + C R A C K<\/p>\n<p><a href=\"http:\/\/www.megaupload.com\/?d=L89IANH0\">http:\/\/www.megaupload.com\/?d=L89IANH0<\/a><br \/>\nPassword: \u201ck-rlitos.com\u201d (sin comillas)<\/p>\n<p>PD: algunos antivirus lo detectan como troyano el crack, si no confias prueba el segudo crack, viene el exe parchado.<\/p>\n<p>&nbsp;<\/p>\n<p>Opci\u00f3n 2 por si no funcion\u00f3 la anterior (cortes\u00eda de Katsu):<\/p>\n<p><a href=\"http:\/\/www.megaupload.com\/?d=IHNQ4C38\">http:\/\/www.megaupload.com\/?d=IHNQ4C38<\/a><\/p>\n<p><a rel=\"nofollow\" href=\"http:\/\/www.mediafire.com\/?npz3l6j6v3ppxtx\">http:\/\/www.mediafire.com\/?npz3l6j6v3ppxtx<\/a><\/p>\n<p>PD2: Recordar tener <a href=\"?p=484\">parchado Uxtheme.dll<\/a> antes de aplicar alg\u00fan tema con StyleBuilder.<\/p>\n<p>&nbsp;<\/p>\n<p>Tutoriales de modificaci\u00f3n (algunas tienen base y saldr\u00e1n debajo del video):<\/p>\n<p><object classid=\"clsid:d27cdb6e-ae6d-11cf-96b8-444553540000\" width=\"480\" height=\"385\" codebase=\"http:\/\/download.macromedia.com\/pub\/shockwave\/cabs\/flash\/swflash.cab#version=6,0,40,0\"><param name=\"allowFullScreen\" value=\"true\" \/><param name=\"allowscriptaccess\" value=\"always\" \/><param name=\"src\" value=\"http:\/\/www.youtube.com\/v\/ecr3h9w0Cyk\" \/><param name=\"allowfullscreen\" value=\"true\" \/><embed type=\"application\/x-shockwave-flash\" width=\"480\" height=\"385\" src=\"http:\/\/www.youtube.com\/v\/ecr3h9w0Cyk\" allowscriptaccess=\"always\" allowfullscreen=\"true\"><\/embed><\/object><\/p>\n<p><object classid=\"clsid:d27cdb6e-ae6d-11cf-96b8-444553540000\" width=\"480\" height=\"385\" codebase=\"http:\/\/download.macromedia.com\/pub\/shockwave\/cabs\/flash\/swflash.cab#version=6,0,40,0\"><param name=\"allowFullScreen\" value=\"true\" \/><param name=\"allowscriptaccess\" value=\"always\" \/><param name=\"src\" value=\"http:\/\/www.youtube.com\/v\/P0hf6EV7-v0&amp;hl=es_ES&amp;fs=1?color1=0x3a3a3a&amp;color2=0x999999\" \/><param name=\"allowfullscreen\" value=\"true\" \/><embed type=\"application\/x-shockwave-flash\" width=\"480\" height=\"385\" src=\"http:\/\/www.youtube.com\/v\/P0hf6EV7-v0&amp;hl=es_ES&amp;fs=1?color1=0x3a3a3a&amp;color2=0x999999\" allowscriptaccess=\"always\" allowfullscreen=\"true\"><\/embed><\/object><br \/>\n<a href=\"http:\/\/k-rlitos.com\/blog\/?file_id=146\">Base Green<\/a><\/p>\n<p><object classid=\"clsid:d27cdb6e-ae6d-11cf-96b8-444553540000\" width=\"480\" height=\"385\" codebase=\"http:\/\/download.macromedia.com\/pub\/shockwave\/cabs\/flash\/swflash.cab#version=6,0,40,0\"><param name=\"allowFullScreen\" value=\"true\" \/><param name=\"allowscriptaccess\" value=\"always\" \/><param name=\"src\" value=\"http:\/\/www.youtube.com\/v\/RKMwxsxqtTs&amp;hl=es_ES&amp;fs=1?color1=0x3a3a3a&amp;color2=0x999999\" \/><param name=\"allowfullscreen\" value=\"true\" \/><embed type=\"application\/x-shockwave-flash\" width=\"480\" height=\"385\" src=\"http:\/\/www.youtube.com\/v\/RKMwxsxqtTs&amp;hl=es_ES&amp;fs=1?color1=0x3a3a3a&amp;color2=0x999999\" allowscriptaccess=\"always\" allowfullscreen=\"true\"><\/embed><\/object><br \/>\n<a href=\"http:\/\/k-rlitos.com\/blog\/?file_id=370\">Base Silver<\/a><\/p>\n<p><object classid=\"clsid:d27cdb6e-ae6d-11cf-96b8-444553540000\" width=\"480\" height=\"385\" codebase=\"http:\/\/download.macromedia.com\/pub\/shockwave\/cabs\/flash\/swflash.cab#version=6,0,40,0\"><param name=\"allowFullScreen\" value=\"true\" \/><param name=\"allowscriptaccess\" value=\"always\" \/><param name=\"src\" value=\"http:\/\/www.youtube.com\/v\/9MN9gXofTO8&amp;hl=es_ES&amp;fs=1?color1=0x3a3a3a&amp;color2=0x999999\" \/><param name=\"allowfullscreen\" value=\"true\" \/><embed type=\"application\/x-shockwave-flash\" width=\"480\" height=\"385\" src=\"http:\/\/www.youtube.com\/v\/9MN9gXofTO8&amp;hl=es_ES&amp;fs=1?color1=0x3a3a3a&amp;color2=0x999999\" allowscriptaccess=\"always\" allowfullscreen=\"true\"><\/embed><\/object><br \/>\n<a href=\"http:\/\/k-rlitos.com\/blog\/?file_id=371\">Base Red<\/a><\/p>\n<p><object classid=\"clsid:d27cdb6e-ae6d-11cf-96b8-444553540000\" width=\"480\" height=\"385\" codebase=\"http:\/\/download.macromedia.com\/pub\/shockwave\/cabs\/flash\/swflash.cab#version=6,0,40,0\"><param name=\"allowFullScreen\" value=\"true\" \/><param name=\"allowscriptaccess\" value=\"always\" \/><param name=\"src\" value=\"http:\/\/www.youtube.com\/v\/_vDmce0pqsk&amp;hl=es_ES&amp;fs=1?color1=0x3a3a3a&amp;color2=0x999999\" \/><param name=\"allowfullscreen\" value=\"true\" \/><embed type=\"application\/x-shockwave-flash\" width=\"480\" height=\"385\" src=\"http:\/\/www.youtube.com\/v\/_vDmce0pqsk&amp;hl=es_ES&amp;fs=1?color1=0x3a3a3a&amp;color2=0x999999\" allowscriptaccess=\"always\" allowfullscreen=\"true\"><\/embed><\/object><br \/>\n<a href=\"http:\/\/k-rlitos.com\/blog\/?file_id=372\">Base Pink<\/a><br \/>\n<a href=\"http:\/\/k-rlitos.com\/blog\/?file_id=373\">Base del Video<\/a><\/p>\n<p><object classid=\"clsid:d27cdb6e-ae6d-11cf-96b8-444553540000\" width=\"480\" height=\"385\" codebase=\"http:\/\/download.macromedia.com\/pub\/shockwave\/cabs\/flash\/swflash.cab#version=6,0,40,0\"><param name=\"allowFullScreen\" value=\"true\" \/><param name=\"allowscriptaccess\" value=\"always\" \/><param name=\"src\" value=\"http:\/\/www.youtube.com\/v\/Kt8HE_H53B8&amp;hl=es_ES&amp;fs=1?color1=0x3a3a3a&amp;color2=0x999999\" \/><param name=\"allowfullscreen\" value=\"true\" \/><embed type=\"application\/x-shockwave-flash\" width=\"480\" height=\"385\" src=\"http:\/\/www.youtube.com\/v\/Kt8HE_H53B8&amp;hl=es_ES&amp;fs=1?color1=0x3a3a3a&amp;color2=0x999999\" allowscriptaccess=\"always\" allowfullscreen=\"true\"><\/embed><\/object><\/p>\n<p><object classid=\"clsid:d27cdb6e-ae6d-11cf-96b8-444553540000\" width=\"480\" height=\"385\" codebase=\"http:\/\/download.macromedia.com\/pub\/shockwave\/cabs\/flash\/swflash.cab#version=6,0,40,0\"><param name=\"allowFullScreen\" value=\"true\" \/><param name=\"allowscriptaccess\" value=\"always\" \/><param name=\"src\" value=\"http:\/\/www.youtube.com\/v\/qH8fdiDsXiY&amp;hl=es_ES&amp;fs=1?color1=0x3a3a3a&amp;color2=0x999999\" \/><param name=\"allowfullscreen\" value=\"true\" \/><embed type=\"application\/x-shockwave-flash\" width=\"480\" height=\"385\" src=\"http:\/\/www.youtube.com\/v\/qH8fdiDsXiY&amp;hl=es_ES&amp;fs=1?color1=0x3a3a3a&amp;color2=0x999999\" allowscriptaccess=\"always\" allowfullscreen=\"true\"><\/embed><\/object><\/p>\n<h2><a href=\"?p=2112\">M\u00e1s ideas Ac\u00e1<\/a><\/h2>\n<p>Remplazar la imagen 112<br \/>\n<object width=\"560\" height=\"349\"><param name=\"movie\" value=\"http:\/\/www.youtube.com\/v\/Shpv1vNzsgA?fs=1&amp;hl=es_ES\"><\/param><param name=\"allowFullScreen\" value=\"true\"><\/param><param name=\"allowscriptaccess\" value=\"always\"><\/param><embed src=\"http:\/\/www.youtube.com\/v\/Shpv1vNzsgA?fs=1&amp;hl=es_ES\" type=\"application\/x-shockwave-flash\" allowscriptaccess=\"always\" allowfullscreen=\"true\" width=\"560\" height=\"349\"><\/embed><\/object><\/p>\n<p>Crear tu planilla para el Panel de usuario de Windows XP desde un tema existente.<br \/>\n<object width=\"560\" height=\"349\"><param name=\"movie\" value=\"http:\/\/www.youtube.com\/v\/Q-6TsmhA_so?fs=1&amp;hl=es_ES\"><\/param><param name=\"allowFullScreen\" value=\"true\"><\/param><param name=\"allowscriptaccess\" value=\"always\"><\/param><embed src=\"http:\/\/www.youtube.com\/v\/Q-6TsmhA_so?fs=1&amp;hl=es_ES\" type=\"application\/x-shockwave-flash\" allowscriptaccess=\"always\" allowfullscreen=\"true\" width=\"560\" height=\"349\"><\/embed><\/object><\/p>\n<p><a href=\"?p=6881\">M\u00e1s informaci\u00f3n en el post<\/a><\/p>\n<p>C\u00f3mo eliminar la palabra inicio del bot\u00f3n inicio<\/p>\n<p><object width=\"640\" height=\"360\"><param name=\"movie\" value=\"http:\/\/www.youtube.com\/v\/hckTrToe4wk?version=3&amp;hl=es_ES\"><\/param><param name=\"allowFullScreen\" value=\"true\"><\/param><param name=\"allowscriptaccess\" value=\"always\"><\/param><embed src=\"http:\/\/www.youtube.com\/v\/hckTrToe4wk?version=3&amp;hl=es_ES\" type=\"application\/x-shockwave-flash\" width=\"640\" height=\"360\" allowscriptaccess=\"always\" allowfullscreen=\"true\"><\/embed><\/object><\/p>\n","protected":false},"excerpt":{"rendered":"<p>Ac\u00e1 se mostrar\u00e1n Videos de como modificar estilos para Windows XP, que es el primer paso para crear un tema&#8230; Primero el software, necesitas Style Builder, ya no se puede obtener de foma legal, ya que desapareci\u00f3 la web oficial, pero puedes descargarlo desde ac\u00e1: S T Y L E Builder + C R A [&hellip;]<\/p>\n","protected":false},"author":3,"featured_media":0,"parent":0,"menu_order":0,"comment_status":"open","ping_status":"closed","template":"","meta":{"footnotes":""},"class_list":["post-4898","page","type-page","status-publish","hentry"],"_links":{"self":[{"href":"https:\/\/k-rlitos.com\/blog\/index.php?rest_route=\/wp\/v2\/pages\/4898","targetHints":{"allow":["GET"]}}],"collection":[{"href":"https:\/\/k-rlitos.com\/blog\/index.php?rest_route=\/wp\/v2\/pages"}],"about":[{"href":"https:\/\/k-rlitos.com\/blog\/index.php?rest_route=\/wp\/v2\/types\/page"}],"author":[{"embeddable":true,"href":"https:\/\/k-rlitos.com\/blog\/index.php?rest_route=\/wp\/v2\/users\/3"}],"replies":[{"embeddable":true,"href":"https:\/\/k-rlitos.com\/blog\/index.php?rest_route=%2Fwp%2Fv2%2Fcomments&post=4898"}],"version-history":[{"count":6,"href":"https:\/\/k-rlitos.com\/blog\/index.php?rest_route=\/wp\/v2\/pages\/4898\/revisions"}],"predecessor-version":[{"id":9410,"href":"https:\/\/k-rlitos.com\/blog\/index.php?rest_route=\/wp\/v2\/pages\/4898\/revisions\/9410"}],"wp:attachment":[{"href":"https:\/\/k-rlitos.com\/blog\/index.php?rest_route=%2Fwp%2Fv2%2Fmedia&parent=4898"}],"curies":[{"name":"wp","href":"https:\/\/api.w.org\/{rel}","templated":true}]}}