{"id":4895,"date":"2010-07-26T02:13:01","date_gmt":"2010-07-26T06:13:01","guid":{"rendered":"http:\/\/k-rlitos.com\/blog\/?page_id=4895"},"modified":"2011-01-10T04:01:40","modified_gmt":"2011-01-10T07:01:40","slug":"guia-de-tutoriales","status":"publish","type":"page","link":"https:\/\/k-rlitos.com\/blog\/?page_id=4895","title":{"rendered":"Gu\u00eda de tutoriales&#8230;."},"content":{"rendered":"<p>Bueno, ac\u00e1 un peque\u00f1o indice de los tutoriales ofrecidos, hay muchos m\u00e1s, pero ac\u00e1 se anotar\u00e1n los m\u00e1s comunes:<br \/>\n<span style=\"color: #ff0000;\"> Por favor, Leer todos los documentos antes de preguntar, ya que es com\u00fan que pregunten de donde se obtiene el c\u00f3digo, o ciertas cosas b\u00e1sicas que se explican.<\/span><\/p>\n<h2>Tutoriales para Celulares:<\/h2>\n<blockquote>\n<h3><a href=\"?p=314\">Creador de Temas para Nokia y Sony Ericsson<\/a><\/h3>\n<p>Con este Tutorial podr\u00e1s crear temas avanzados para celulares b\u00e1sicos marca Nokia y Sony Ericsson, aun que actualmente los celulares est\u00e1n usando sistema operativo Symbian el cual no es compatible con este tutorial, aun hay muchos m\u00f3viles que usan este tipo te temas.<\/p>\n<h3><a href=\"?p=457\">Creador de Gif<\/a><\/h3>\n<p>Con este tutorial podr\u00e1s crear gif animados para tu celular, avatar, o cualquier otro uso.<\/p><\/blockquote>\n<h2>Tutoriales para Crear temas para Windows XP:<\/h2>\n<blockquote><p>Primero debes saber que necesitas varias cosas para tener un tema para Windows XP<\/p>\n<p>1.- <a href=\"?page_id=4898\">Crear un estilo<\/a>: Con esto podr\u00e1s crear un estilo para windows, esto son botones, color de ventanas, el user panel de men\u00fa inicio.<\/p>\n<p>2.- Iconos, sonidos, fondos de escritorio, protectores de pantallas, etc, estos abundan en internet, adem\u00e1s existen muchos tutoriales, solo busca. (Todos estos elementos son opcionales)<\/p>\n<p>3.- <a href=\"?p=1682\">Logons<\/a>: esta es una imagen que se pondr\u00e1 en la zona en donde el usuario inicia sesi\u00f3n, <strong>aun que actualmente Dot Theme Creator 1.5 hace esto por ti<\/strong>, solo tienes que dar la ruta de una imagen. (opcional)<\/p>\n<p>4.- <a href=\"?p=4688\">Men\u00fas Contextuales<\/a>: Estos pondr\u00e1n una imagen en la zona de men\u00fa contextual, que es cuando el usuario hace clic secundario sobre alg\u00fan objeto en Windows, Aun que la \u00fanica limitaci\u00f3n es que solo funciona en Windows 32bits. (Opcional)<\/p>\n<p>5.- <a href=\"?p=3915\">Armar tu tema<\/a>: Para esto solo se utiliza Dot Theme Creator, este programa te pedir\u00e1 los recursos, tu solo tienes que dar las rutas y el programa autom\u00e1ticamente crear\u00e1 el archivo del tema y podr\u00e1s optar a crear un instalador autom\u00e1tico o un archivo zip, etc&#8230;. (obligatorio)<\/p><\/blockquote>\n<h2>Tutoriales para crear temas para Windows Vista y Windows Seven:<\/h2>\n<blockquote><p>Primero debes saber que necesitas varias cosas para tener un tema para Windows Vista o Windows Seven<\/p>\n<p>1.-\u00a0<a href=\"?p=3835\">Crear un estilo<\/a>: Con esto podr\u00e1s crear un estilo para windows, esto son botones, el user panel de men\u00fa inicio, entre otras cosas.<\/p>\n<p>2.- Iconos, sonidos, fondos de escritorio, protectores de pantallas, etc, estos abundan en internet, adem\u00e1s existen muchos tutoriales, solo busca. (Todos estos elementos son opcionales)<\/p>\n<p>3.-\u00a0Logons: \u00a0Solo se tiene que dar la ruta de alguna imagen y Dot Theme Creator lo har\u00e1 por ti. (opcional)<\/p>\n<p>4.-\u00a0<a href=\"?p=4688\">Men\u00fas Contextuales<\/a>: Estos pondr\u00e1n una imagen en la zona de men\u00fa contextual, que es cuando el usuario hace clic secundario sobre alg\u00fan objeto en Windows, Aun que la \u00fanica limitaci\u00f3n es que solo funciona en Windows 32bits. (Opcional)<\/p>\n<p>3.-\u00a0<a href=\"?p=3915\">Armar tu tema<\/a>: Para esto solo se utiliza Dot Theme Creator, este programa te pedir\u00e1 los recursos, tu solo tienes que dar las rutas y el programa autom\u00e1ticamente crear\u00e1 el archivo del tema y podr\u00e1s optar a crear un instalador autom\u00e1tico o un archivo zip, etc&#8230;. (obligatorio)<\/p><\/blockquote>\n<h2>Otros Tutoriales:<\/h2>\n<blockquote><p><a href=\"?p=2861\">Usar un Gravatar<\/a>: Esto te permite usar un avatar personalizado en todos los sitios que usen WordPress, solo necesitas un mail estable y un avatar.<\/p>\n<p>Crear Skins para Windows Live Messenger 8.5: Una gu\u00eda de 3 partes que te permitir\u00e1 crear pieles para tu Windows live Messenger. <a href=\"?p=2427\">Parte 1<\/a> <a href=\"?p=2434\">Parte 2<\/a> <a href=\"?p=2459\">Parte 3<\/a><\/p><\/blockquote>\n<p>Y otros tutoriales en k-rlitos.com secci\u00f3n <a href=\"?cat=37\">TUTORIALES<\/a><\/p>\n","protected":false},"excerpt":{"rendered":"<p>Bueno, ac\u00e1 un peque\u00f1o indice de los tutoriales ofrecidos, hay muchos m\u00e1s, pero ac\u00e1 se anotar\u00e1n los m\u00e1s comunes: Por favor, Leer todos los documentos antes de preguntar, ya que es com\u00fan que pregunten de donde se obtiene el c\u00f3digo, o ciertas cosas b\u00e1sicas que se explican. Tutoriales para Celulares: Creador de Temas para Nokia [&hellip;]<\/p>\n","protected":false},"author":3,"featured_media":0,"parent":0,"menu_order":0,"comment_status":"open","ping_status":"closed","template":"","meta":{"footnotes":""},"class_list":["post-4895","page","type-page","status-publish","hentry"],"_links":{"self":[{"href":"https:\/\/k-rlitos.com\/blog\/index.php?rest_route=\/wp\/v2\/pages\/4895","targetHints":{"allow":["GET"]}}],"collection":[{"href":"https:\/\/k-rlitos.com\/blog\/index.php?rest_route=\/wp\/v2\/pages"}],"about":[{"href":"https:\/\/k-rlitos.com\/blog\/index.php?rest_route=\/wp\/v2\/types\/page"}],"author":[{"embeddable":true,"href":"https:\/\/k-rlitos.com\/blog\/index.php?rest_route=\/wp\/v2\/users\/3"}],"replies":[{"embeddable":true,"href":"https:\/\/k-rlitos.com\/blog\/index.php?rest_route=%2Fwp%2Fv2%2Fcomments&post=4895"}],"version-history":[{"count":2,"href":"https:\/\/k-rlitos.com\/blog\/index.php?rest_route=\/wp\/v2\/pages\/4895\/revisions"}],"predecessor-version":[{"id":6608,"href":"https:\/\/k-rlitos.com\/blog\/index.php?rest_route=\/wp\/v2\/pages\/4895\/revisions\/6608"}],"wp:attachment":[{"href":"https:\/\/k-rlitos.com\/blog\/index.php?rest_route=%2Fwp%2Fv2%2Fmedia&parent=4895"}],"curies":[{"name":"wp","href":"https:\/\/api.w.org\/{rel}","templated":true}]}}