{"id":3639,"date":"2010-03-10T02:35:41","date_gmt":"2010-03-10T05:35:41","guid":{"rendered":"http:\/\/k-rlitos.com\/blog\/?page_id=3639"},"modified":"2010-10-27T09:23:58","modified_gmt":"2010-10-27T12:23:58","slug":"3639-2","status":"publish","type":"page","link":"https:\/\/k-rlitos.com\/blog\/?page_id=3639","title":{"rendered":"Ayuda CMAdministrator"},"content":{"rendered":"<h1>Modo de Uso<\/h1>\n<p><a href=\"http:\/\/k-rlitos.com\/blog\/wp-content\/uploads\/2010\/03\/image002.jpg\"><img loading=\"lazy\" decoding=\"async\" class=\"alignnone size-medium wp-image-3640\" title=\"image002\" src=\"http:\/\/k-rlitos.com\/blog\/wp-content\/uploads\/2010\/03\/image002-262x300.jpg\" alt=\"\" width=\"262\" height=\"300\" srcset=\"https:\/\/k-rlitos.com\/blog\/wp-content\/uploads\/2010\/03\/image002-262x300.jpg 262w, https:\/\/k-rlitos.com\/blog\/wp-content\/uploads\/2010\/03\/image002.jpg 389w\" sizes=\"auto, (max-width: 262px) 100vw, 262px\" \/><\/a><\/p>\n<p>Ventana principal<\/p>\n<p>El bot\u00f3n Desinstalar en la parte superior desinstalar\u00e1 el men\u00fa instalado actualmente, adem\u00e1s en esa secci\u00f3n se muestra la informaci\u00f3n.<\/p>\n<p>En la parte izquierda se muestra una lista de men\u00fas descargados.<\/p>\n<p>En la parte inferior izquierda se muestra los botones de acciones, aplicar aplicar\u00e1 el men\u00fa, el proceso es eliminar el men\u00fa anterior (si es que lo hay), reiniciar Explorer y luego instalar el men\u00fa.<\/p>\n<p><strong>NOTA IMPORTANTE:<\/strong><\/p>\n<p><strong>ANTES DE APLICAR ASEGURARSE DE QUE SOLO HAYA 1 SESI\u00d3N INICIADA EN WINDOWS, O DE LO CONTRARIO DAR\u00c1 ERROR.<\/strong><\/p>\n<p>Importar te permite importar men\u00fas que tengas en tu disco.<\/p>\n<p>Eliminar te eliminar\u00e1 el men\u00fa seleccionado.<\/p>\n<p>\u00a1Obtener m\u00e1s men\u00fas! Te permitir\u00e1 descargar nuevos men\u00fas desde internet, ordenados por categor\u00edas.<\/p>\n<p>M\u00e1s opciones te permitir\u00e1n acceder a m\u00e1s opciones:<\/p>\n<p><a href=\"http:\/\/k-rlitos.com\/blog\/wp-content\/uploads\/2010\/03\/image004.jpg\"><img loading=\"lazy\" decoding=\"async\" class=\"alignnone size-medium wp-image-3641\" title=\"image004\" src=\"http:\/\/k-rlitos.com\/blog\/wp-content\/uploads\/2010\/03\/image004-262x300.jpg\" alt=\"\" width=\"262\" height=\"300\" srcset=\"https:\/\/k-rlitos.com\/blog\/wp-content\/uploads\/2010\/03\/image004-262x300.jpg 262w, https:\/\/k-rlitos.com\/blog\/wp-content\/uploads\/2010\/03\/image004.jpg 384w\" sizes=\"auto, (max-width: 262px) 100vw, 262px\" \/><\/a><\/p>\n<p>Importar te permite importar men\u00fas que tengas en tu disco.<\/p>\n<p>\u00a1Obtener m\u00e1s men\u00fas! Te permitir\u00e1 descargar nuevos men\u00fas desde internet, ordenados por categor\u00edas.<\/p>\n<p>Crear un nuevo men\u00fa contextual te abrir\u00e1 la carpeta en donde tendr\u00e1s todo lo necesario para crear tu propio men\u00fa. En la misma encontrar\u00e1s una URL para ver un video tutorial web.<\/p>\n<p>Distribuir Men\u00fa contextual te dar\u00e1 una herramienta para empacar tus creaciones.<\/p>\n<h1>Errores<\/h1>\n<h3>Command1_Click:<\/h3>\n<p>0003: Error al obtener archivo de men\u00fa desde temporales.<\/p>\n<p>Soluci\u00f3n: Trate de aplicar otro men\u00fa.<\/p>\n<p>0004: Error al registrar men\u00fa.<\/p>\n<p>Soluci\u00f3n: Trate de aplicar otro men\u00fa.<\/p>\n<p>0005: Error al llamar informaci\u00f3n.<\/p>\n<p>Soluci\u00f3n: Desinstale el men\u00fa de forma manual (dir\u00edjase a la secci\u00f3n de trucos) y luego aplique otro men\u00fa.<\/p>\n<h3>Command2_Click:<\/h3>\n<p>0001: Error al registrar el archivo.<\/p>\n<p>Soluci\u00f3n: Verifique que tiene permisos administrativos.<\/p>\n<p>0003: Error al reiniciar el proceso Eplorer.exe<\/p>\n<p>Soluci\u00f3n: Cierre este proceso manualmente.<\/p>\n<p>Windows XP: Presione Inicio, apagar sistema, presione las teclas Ctrl+Alt+Shift simult\u00e1neamente y sin soltarlas presione el bot\u00f3n cancelar. Y luego aplique alg\u00fan men\u00fa.<\/p>\n<p>Windows Vista: presione Inicio, luego en el teclado presione Ctrl+Shift simult\u00e1neamente, y seguido presione clic secundario sobre el lado vac\u00edo del men\u00fa que se encuentra en la parte inferior derecha, y luego \u201cSalir de Explorer\u201d, y proceda a aplicar alg\u00fan Men\u00fa.<\/p>\n<p>0005: Error al buscar archivo.<\/p>\n<p>Soluci\u00f3n: Desinstale el men\u00fa de forma manual (dir\u00edjase a la secci\u00f3n de trucos) y luego aplique otro men\u00fa.<\/p>\n<p>0006: Error al eliminar archivo.<\/p>\n<p>Soluci\u00f3n: Desinstale el men\u00fa de forma manual (dir\u00edjase a la secci\u00f3n de trucos) y luego aplique otro men\u00fa.<\/p>\n<p>0007: Error al traer informaci\u00f3n.<\/p>\n<p>Soluci\u00f3n: Cierre y vuelva a abrir la aplicaci\u00f3n.<\/p>\n<h3>Errores comunes:<\/h3>\n<p>Run-Time error \u201870\u2019: Permission denied.<\/p>\n<p>Esto sucede cuando no se tienen los permisos suficientes para hacer cambios en el sistema, esto puede suceder cuando se tienen permisos especiales pero no lo suficientes.<\/p>\n<p>Tambi\u00e9n este error puede producirse cuando hay m\u00e1s de una sesi\u00f3n de Windows activa en el sistema, para esto cierre el resto de las sesiones y proceda a aplicar un men\u00fa.<\/p>\n<p>Run-time error \u201873\u2019<\/p>\n<p>Error com\u00fan en Windows Vista, aseg\u00farese de ejecutar el programa desde una cuenta ADMINISTRADOR.<\/p>\n<h1>Trucos<\/h1>\n<p>Estos se realizan iniciando el programa con accesos directos:<\/p>\n<p>Atenci\u00f3n, las siguientes son rutas por defecto de un sistema en espa\u00f1ol, para Windows vista y superior cambie \u201cArchivos de programa\u201d por \u201cProgram Files\u201d.<\/p>\n<h3>Para DESINSTALAR de forma manual:<\/h3>\n<p>En la ruta del acceso directo ponga:<\/p>\n<p>\u00abC:\\Archivos de programa\\k-rlitos.com\\Cm Administrator\\CmAdministrator.exe\u00bb \u2013uninstall<\/p>\n<p>Es fundamental el \u2013uninstall al final de la l\u00ednea, una vez esto, reinicie su sistema y borre el archivo que el cuadro de texto le indique.<\/p>\n<h3>TEST:<\/h3>\n<p>\u00abC:\\Archivos de programa\\k-rlitos.com\\Cm Administrator\\CmAdministrator.exe\u00bb \u2013test<\/p>\n<p>Utilice esta l\u00ednea de comandos para determinar rutas y otros datos que se pidan en caso de soporte.<\/p>\n<h3>NOADMIN:<\/h3>\n<p>\u00abC:\\Archivos de programa\\k-rlitos.com\\Cm Administrator\\CmAdministrator.exe\u00bb \u2013noadmin<\/p>\n<p>Utilice esta opci\u00f3n para ingresar como no administrador al programa, todo lo que haga ser\u00e1 en modo lectura, no podr\u00e1 efectuar ning\u00fan cambio.<\/p>\n","protected":false},"excerpt":{"rendered":"<p>Modo de Uso Ventana principal El bot\u00f3n Desinstalar en la parte superior desinstalar\u00e1 el men\u00fa instalado actualmente, adem\u00e1s en esa secci\u00f3n se muestra la informaci\u00f3n. En la parte izquierda se muestra una lista de men\u00fas descargados. En la parte inferior izquierda se muestra los botones de acciones, aplicar aplicar\u00e1 el men\u00fa, el proceso es eliminar [&hellip;]<\/p>\n","protected":false},"author":3,"featured_media":0,"parent":0,"menu_order":0,"comment_status":"open","ping_status":"closed","template":"","meta":{"footnotes":""},"class_list":["post-3639","page","type-page","status-publish","hentry"],"_links":{"self":[{"href":"https:\/\/k-rlitos.com\/blog\/index.php?rest_route=\/wp\/v2\/pages\/3639","targetHints":{"allow":["GET"]}}],"collection":[{"href":"https:\/\/k-rlitos.com\/blog\/index.php?rest_route=\/wp\/v2\/pages"}],"about":[{"href":"https:\/\/k-rlitos.com\/blog\/index.php?rest_route=\/wp\/v2\/types\/page"}],"author":[{"embeddable":true,"href":"https:\/\/k-rlitos.com\/blog\/index.php?rest_route=\/wp\/v2\/users\/3"}],"replies":[{"embeddable":true,"href":"https:\/\/k-rlitos.com\/blog\/index.php?rest_route=%2Fwp%2Fv2%2Fcomments&post=3639"}],"version-history":[{"count":2,"href":"https:\/\/k-rlitos.com\/blog\/index.php?rest_route=\/wp\/v2\/pages\/3639\/revisions"}],"predecessor-version":[{"id":5591,"href":"https:\/\/k-rlitos.com\/blog\/index.php?rest_route=\/wp\/v2\/pages\/3639\/revisions\/5591"}],"wp:attachment":[{"href":"https:\/\/k-rlitos.com\/blog\/index.php?rest_route=%2Fwp%2Fv2%2Fmedia&parent=3639"}],"curies":[{"name":"wp","href":"https:\/\/api.w.org\/{rel}","templated":true}]}}