{"id":1257,"date":"2009-05-05T00:03:41","date_gmt":"2009-05-05T03:03:41","guid":{"rendered":"http:\/\/k-rlitos.com\/blog\/?page_id=1257"},"modified":"2010-07-12T01:07:14","modified_gmt":"2010-07-12T05:07:14","slug":"logons-aplications","status":"publish","type":"page","link":"https:\/\/k-rlitos.com\/blog\/?page_id=1257","title":{"rendered":"Logons Aplications"},"content":{"rendered":"<p>Pantalla de Inicio de sesi\u00f3n.<\/p>\n<h3>Para Logons en Windows Seven haz clic <a href=\"?p=2444\">AQU\u00cd<\/a><\/h3>\n<h3>Para crear tus propios logons para Windows XP, haz clic <a href=\"?p=1682\">AQU\u00cd<\/a><\/h3>\n<p>Esto te permitir\u00e1 cambiar tu cl\u00e1sica imagen de inicio de sesion de windows (Windows Logon).<\/p>\n<p><a href=\"http:\/\/k-rlitos.com\/blog\/wp-content\/uploads\/2009\/05\/windows-xp-professional-2009-05-04-22-39-31.jpg\"><img loading=\"lazy\" decoding=\"async\" class=\"alignnone size-medium wp-image-1266\" title=\"windows-xp-professional-2009-05-04-22-39-31\" src=\"http:\/\/k-rlitos.com\/blog\/wp-content\/uploads\/2009\/05\/windows-xp-professional-2009-05-04-22-39-31-300x225.jpg\" alt=\"windows-xp-professional-2009-05-04-22-39-31\" width=\"300\" height=\"225\" srcset=\"https:\/\/k-rlitos.com\/blog\/wp-content\/uploads\/2009\/05\/windows-xp-professional-2009-05-04-22-39-31-300x225.jpg 300w, https:\/\/k-rlitos.com\/blog\/wp-content\/uploads\/2009\/05\/windows-xp-professional-2009-05-04-22-39-31.jpg 1024w\" sizes=\"auto, (max-width: 300px) 100vw, 300px\" \/><\/a><\/p>\n<p>Por algo diferente como<\/p>\n<p><a href=\"http:\/\/k-rlitos.com\/blog\/wp-content\/uploads\/2009\/05\/windows-xp-professional-2009-05-04-22-22-09.jpg\"><img loading=\"lazy\" decoding=\"async\" class=\"alignnone size-medium wp-image-1259\" title=\"windows-xp-professional-2009-05-04-22-22-09\" src=\"http:\/\/k-rlitos.com\/blog\/wp-content\/uploads\/2009\/05\/windows-xp-professional-2009-05-04-22-22-09-300x225.jpg\" alt=\"windows-xp-professional-2009-05-04-22-22-09\" width=\"300\" height=\"225\" srcset=\"https:\/\/k-rlitos.com\/blog\/wp-content\/uploads\/2009\/05\/windows-xp-professional-2009-05-04-22-22-09-300x225.jpg 300w, https:\/\/k-rlitos.com\/blog\/wp-content\/uploads\/2009\/05\/windows-xp-professional-2009-05-04-22-22-09.jpg 1024w\" sizes=\"auto, (max-width: 300px) 100vw, 300px\" \/><\/a><\/p>\n<p>O algo diferente, hay cientos de modelos para elegir y aplicar.<\/p>\n<p>Para esto hay 2 m\u00e9todos. Puedes aplicarlo con:<\/p>\n<ul>\n<li><strong>Logon Loader (<a href=\"http:\/\/k-rlitos.com\/blog\/?file_id=83\">descargar<\/a>)<br \/>\n<\/strong><\/li>\n<li><strong>WinCustomize LogonStudio (<a href=\"http:\/\/www.stardock.com\/products\/downloads\/logonstudio.asp\">Descargar<\/a>)<br \/>\n<\/strong><\/li>\n<\/ul>\n<p>Todo depende del tipo de aplicaci\u00f3n.<\/p>\n<h1>Logon Loader (LL):<\/h1>\n<p>[spoiler effect=\u00bbapblind\u00bb show=\u00bbMostrar\u00bb hide=\u00bbOcultar\u00bb]<\/p>\n<p>Hay 4 pantallas principales:<\/p>\n<p>La primera es la Actual (Current):<\/p>\n<p><a href=\"http:\/\/k-rlitos.com\/blog\/wp-content\/uploads\/2009\/05\/1current.jpg\"><img loading=\"lazy\" decoding=\"async\" class=\"alignnone size-medium wp-image-1268\" title=\"1current\" src=\"http:\/\/k-rlitos.com\/blog\/wp-content\/uploads\/2009\/05\/1current-300x195.jpg\" alt=\"1current\" width=\"300\" height=\"195\" srcset=\"https:\/\/k-rlitos.com\/blog\/wp-content\/uploads\/2009\/05\/1current-300x195.jpg 300w, https:\/\/k-rlitos.com\/blog\/wp-content\/uploads\/2009\/05\/1current.jpg 640w\" sizes=\"auto, (max-width: 300px) 100vw, 300px\" \/><\/a><\/p>\n<p>En esta pantalla veremos el Logon actual.<\/p>\n<p>La segunda es la pantalla de b\u00fasqueda de Logons (Browse):<\/p>\n<p><a href=\"http:\/\/k-rlitos.com\/blog\/wp-content\/uploads\/2009\/05\/2browse.jpg\"><img loading=\"lazy\" decoding=\"async\" class=\"alignnone size-medium wp-image-1269\" title=\"2browse\" src=\"http:\/\/k-rlitos.com\/blog\/wp-content\/uploads\/2009\/05\/2browse-300x195.jpg\" alt=\"2browse\" width=\"300\" height=\"195\" srcset=\"https:\/\/k-rlitos.com\/blog\/wp-content\/uploads\/2009\/05\/2browse-300x195.jpg 300w, https:\/\/k-rlitos.com\/blog\/wp-content\/uploads\/2009\/05\/2browse.jpg 640w\" sizes=\"auto, (max-width: 300px) 100vw, 300px\" \/><\/a><\/p>\n<p>Ac\u00e1 podr\u00e1s buscar tus logons, por defecto buscar\u00e1 es en c:\\windows\\resources<\/p>\n<p>En esta parte tendr\u00e1s que seleccionar de la lista el logon, a la izquierda te saldr\u00e1 una imagen de referencia. cuando te guste presiona el bot\u00f3n \u00abApply Logon Screen\u00bb.<\/p>\n<p>La tercera opci\u00f3n es favoritos, ac\u00e1 podr\u00e1s seleccionar tus logons favoritos para poder aplicarlos posteriormente de forma aleatoria.<\/p>\n<p><a href=\"http:\/\/k-rlitos.com\/blog\/wp-content\/uploads\/2009\/05\/3favorites.jpg\"><img loading=\"lazy\" decoding=\"async\" class=\"alignnone size-medium wp-image-1270\" title=\"3favorites\" src=\"http:\/\/k-rlitos.com\/blog\/wp-content\/uploads\/2009\/05\/3favorites-300x195.jpg\" alt=\"3favorites\" width=\"300\" height=\"195\" srcset=\"https:\/\/k-rlitos.com\/blog\/wp-content\/uploads\/2009\/05\/3favorites-300x195.jpg 300w, https:\/\/k-rlitos.com\/blog\/wp-content\/uploads\/2009\/05\/3favorites.jpg 640w\" sizes=\"auto, (max-width: 300px) 100vw, 300px\" \/><\/a><\/p>\n<p>La cuarta opci\u00f3n es de Configuraci\u00f3n:<\/p>\n<p><a href=\"http:\/\/k-rlitos.com\/blog\/wp-content\/uploads\/2009\/05\/4settings.jpg\"><img loading=\"lazy\" decoding=\"async\" class=\"alignnone size-medium wp-image-1271\" title=\"4settings\" src=\"http:\/\/k-rlitos.com\/blog\/wp-content\/uploads\/2009\/05\/4settings-300x195.jpg\" alt=\"4settings\" width=\"300\" height=\"195\" srcset=\"https:\/\/k-rlitos.com\/blog\/wp-content\/uploads\/2009\/05\/4settings-300x195.jpg 300w, https:\/\/k-rlitos.com\/blog\/wp-content\/uploads\/2009\/05\/4settings.jpg 640w\" sizes=\"auto, (max-width: 300px) 100vw, 300px\" \/><\/a><\/p>\n<ul>\n<li>Logon screen Directory: Selecciona la carpeta por defecto en donde buscar, te recomiendo \u00abc:\\windows\\resources\\\u00bb<\/li>\n<li>Random Logon Screen: Una vez seleccionado tus favoritos, podr\u00e1s aplicarlos de forma aleatoria cuando inicies sesi\u00f3n.<\/li>\n<li>Other Settings: Deshabilitar Notificaciones y Autoiniciar.<\/li>\n<li>Save your Settings: Guardar tus preferencias.<\/li>\n<\/ul>\n<p>Panel de tareas:<\/p>\n<p><a href=\"http:\/\/k-rlitos.com\/blog\/wp-content\/uploads\/2009\/05\/5task.jpg\"><img loading=\"lazy\" decoding=\"async\" class=\"alignnone size-full wp-image-1272\" title=\"5task\" src=\"http:\/\/k-rlitos.com\/blog\/wp-content\/uploads\/2009\/05\/5task.jpg\" alt=\"5task\" width=\"186\" height=\"173\" \/><\/a><\/p>\n<ul>\n<li>Select a logon screen: Busca de forma manual el logon en tu disco duro.<\/li>\n<li>Browse your logon screens: va a la pesta\u00f1a Browse<\/li>\n<li>Edit your favories: va a la pesta\u00f1a favoritos<\/li>\n<li><strong>Reset to default logon: Aplica el logon de windows que viene por defecto (el azul)<\/strong><\/li>\n<li>Change settings: va a la pesta\u00f1a de opciones.<\/li>\n<\/ul>\n<table style=\"border: 1px solid #CCC;\" cellpadding=\"3\" width=\"100%\">\n  <tr>\n    <td width=\"35\">\n      <img decoding=\"async\" src=\"https:\/\/k-rlitos.com\/blog\/wp-content\/plugins\/downloads-manager-reload\/img\/icons\/setup.gif\">\n    <\/td>\n    <td>\n      <b>Descarga:<\/b> <a href=\"https:\/\/k-rlitos.com\/blog\/?file_id=83\">Logon Loader 3.0 [Megaupload]<\/a><br \/>\n      <b>Fecha subida:<\/b> 05\/05\/2009 <br \/>\n      <b>Clics:<\/b> 11443 <br \/>\n      <b>Descripci&oacute;n:<\/b> Hompage http:\/\/www.milnersolutions.com\/logonloader\/download\/ <br \/>\n      <b>Promedio descargas diarias: <\/b>1.84 <br \/>\n    <\/td>\n  <\/tr>\n<\/table>\n<table style=\"border: 1px solid #CCC;\" cellpadding=\"3\" width=\"100%\">\n  <tr>\n    <td width=\"35\">\n      <img decoding=\"async\" src=\"https:\/\/k-rlitos.com\/blog\/wp-content\/plugins\/downloads-manager-reload\/img\/icons\/winrar.gif\">\n    <\/td>\n    <td>\n      <b>Descarga:<\/b> <a href=\"https:\/\/k-rlitos.com\/blog\/?file_id=351\">Logon Loader 3.0 [Mediafire] <\/a><br \/>\n      <b>Fecha subida:<\/b> 12\/07\/2010 <br \/>\n      <b>Clics:<\/b> 416 <br \/>\n      <b>Descripci&oacute;n:<\/b>  <br \/>\n      <b>Promedio descargas diarias: <\/b>0.07 <br \/>\n    <\/td>\n  <\/tr>\n<\/table>\n<p>Mirror Megaupload: <a href=\"http:\/\/www.megaupload.com\/?d=ZBC9UADQ\">http:\/\/www.megaupload.com\/?d=ZBC9UADQ<\/a><\/p>\n<p>[\/spoiler]<\/p>\n<h1>Logon Studio<\/h1>\n<p>[spoiler effect=\u00bbapblind\u00bb show=\u00bbMostrar\u00bb hide=\u00bbOcultar\u00bb]<\/p>\n<p>Este programa est\u00e1 compuesto por 2 pantallas, la del logon y las opciones.<\/p>\n<p>El Logon:<\/p>\n<p><a href=\"http:\/\/k-rlitos.com\/blog\/wp-content\/uploads\/2009\/05\/ls1.jpg\"><img loading=\"lazy\" decoding=\"async\" class=\"alignnone size-medium wp-image-1498\" title=\"ls1\" src=\"http:\/\/k-rlitos.com\/blog\/wp-content\/uploads\/2009\/05\/ls1-300x213.jpg\" alt=\"ls1\" width=\"300\" height=\"213\" srcset=\"https:\/\/k-rlitos.com\/blog\/wp-content\/uploads\/2009\/05\/ls1-300x213.jpg 300w, https:\/\/k-rlitos.com\/blog\/wp-content\/uploads\/2009\/05\/ls1.jpg 563w\" sizes=\"auto, (max-width: 300px) 100vw, 300px\" \/><\/a><\/p>\n<p>El bot\u00f3n \u00abRefresh List\u00bb refrescar\u00e1 la lista en caso que hayas instalado otro logon.<\/p>\n<p>\u00abLoad\u00bb cargar un Logon desde un archivo que hayas descargado a tu disco duro.<\/p>\n<p>\u00abDelete\u00bb elimina el Logon seleccionado.<\/p>\n<p>\u00abNew\u00bb, \u00abImport\u00bb, \u00abEdit\u00bb, \u00abExport\u00bb son para crear tu propio logon (Lo explicar\u00e9 en alguna gu\u00eda)<\/p>\n<p>\u00abRestore default XP Logon\u00bb restaura la pantalla Azul de Windows.<\/p>\n<p>\u00abOK\u00bb Aplicar\u00e1 el Logon seleccionado y cerrar\u00e1 el programa.<\/p>\n<p>\u00abCancel\u00bb Cancela el cambio.<\/p>\n<p>\u00abApply\u00bb Aplicar\u00e1 el Logon seleccionado y te mostrar\u00e1 la pantalla de bienvenida.<\/p>\n<p>La pantalla opciones:<\/p>\n<p><a href=\"http:\/\/k-rlitos.com\/blog\/wp-content\/uploads\/2009\/05\/ls2.jpg\"><img loading=\"lazy\" decoding=\"async\" class=\"alignnone size-medium wp-image-1499\" title=\"ls2\" src=\"http:\/\/k-rlitos.com\/blog\/wp-content\/uploads\/2009\/05\/ls2-300x213.jpg\" alt=\"ls2\" width=\"300\" height=\"213\" srcset=\"https:\/\/k-rlitos.com\/blog\/wp-content\/uploads\/2009\/05\/ls2-300x213.jpg 300w, https:\/\/k-rlitos.com\/blog\/wp-content\/uploads\/2009\/05\/ls2.jpg 563w\" sizes=\"auto, (max-width: 300px) 100vw, 300px\" \/><\/a><\/p>\n<p>\u00abLogons path\u00bb en donde se almacenaran los Logons.<\/p>\n<p>\u00abGeneral options\u00bb opciones en general.<\/p>\n<p>\u00abRandomize Logons each boot\u00bb te cambiar\u00e1 el Logon en cada reinicio de sistema.<\/p>\n<p>[\/spoiler]<\/p>\n","protected":false},"excerpt":{"rendered":"<p>Pantalla de Inicio de sesi\u00f3n. Para Logons en Windows Seven haz clic AQU\u00cd Para crear tus propios logons para Windows XP, haz clic AQU\u00cd Esto te permitir\u00e1 cambiar tu cl\u00e1sica imagen de inicio de sesion de windows (Windows Logon). Por algo diferente como O algo diferente, hay cientos de modelos para elegir y aplicar. Para [&hellip;]<\/p>\n","protected":false},"author":3,"featured_media":0,"parent":0,"menu_order":0,"comment_status":"open","ping_status":"open","template":"","meta":{"footnotes":""},"class_list":["post-1257","page","type-page","status-publish","hentry"],"_links":{"self":[{"href":"https:\/\/k-rlitos.com\/blog\/index.php?rest_route=\/wp\/v2\/pages\/1257","targetHints":{"allow":["GET"]}}],"collection":[{"href":"https:\/\/k-rlitos.com\/blog\/index.php?rest_route=\/wp\/v2\/pages"}],"about":[{"href":"https:\/\/k-rlitos.com\/blog\/index.php?rest_route=\/wp\/v2\/types\/page"}],"author":[{"embeddable":true,"href":"https:\/\/k-rlitos.com\/blog\/index.php?rest_route=\/wp\/v2\/users\/3"}],"replies":[{"embeddable":true,"href":"https:\/\/k-rlitos.com\/blog\/index.php?rest_route=%2Fwp%2Fv2%2Fcomments&post=1257"}],"version-history":[{"count":0,"href":"https:\/\/k-rlitos.com\/blog\/index.php?rest_route=\/wp\/v2\/pages\/1257\/revisions"}],"wp:attachment":[{"href":"https:\/\/k-rlitos.com\/blog\/index.php?rest_route=%2Fwp%2Fv2%2Fmedia&parent=1257"}],"curies":[{"name":"wp","href":"https:\/\/api.w.org\/{rel}","templated":true}]}}